{"id":2002,"date":"2026-01-08T18:40:57","date_gmt":"2026-01-08T17:40:57","guid":{"rendered":"https:\/\/cso-events.fr\/?page_id=2002"},"modified":"2026-03-27T16:50:06","modified_gmt":"2026-03-27T15:50:06","slug":"home","status":"publish","type":"page","link":"https:\/\/cso-events.fr\/es\/","title":{"rendered":"Inicio"},"content":{"rendered":"<div class=\"wp-block-uagb-container uagb-block-344bf4c5 alignfull uagb-is-root-container\">\n<h2 class=\"wp-block-heading has-text-align-center has-ast-global-color-5-color has-text-color has-link-color wp-elements-a877447b69c4a50f55a215f02374f41b\" style=\"margin-top:0;margin-bottom:0;font-size:4.2em;font-style:normal;font-weight:1000\">CSO EVENTS<\/h2>\n\n\n\n<h3 class=\"wp-block-heading has-text-align-center has-ast-global-color-5-color has-text-color has-link-color wp-elements-10d04ce05d374669b2ff7662ad9be480\" style=\"margin-top:0;margin-bottom:0;font-size:23px;font-style:normal;font-weight:300\">Eventos deportivos internacionales<\/h3>\n<\/div>\n\n\n\n<div class=\"wp-block-uagb-container uagb-block-757211b8 alignfull uagb-is-root-container\">\n<div class=\"wp-block-gsap-anim-marquee gsap-marquee\" style=\"--gsap-marquee-background:var(--ast-global-color-0);--gsap-marquee-text:var(--ast-global-color-5);--gsap-marquee-gap:32px;--gsap-marquee-text-size:1.2rem;--gsap-marquee-text-weight:700;--gsap-marquee-text-transform:uppercase;padding-top:12px;padding-bottom:12px;color:var(--ast-global-color-5);background-color:var(--ast-global-color-0)\" data-scroll-trigger=\"1\"><div class=\"gsap-marquee__inner\"><div class=\"gsap-marquee__row\" data-direction=\"left\" data-speed=\"slow\" data-gap=\"32\" data-scroll=\"1\"><div class=\"gsap-marquee__track\"><div class=\"gsap-marquee__group\" data-marquee-base=\"1\"><span class=\"gsap-marquee__text\">ACONTECIMIENTOS DEPORTIVOS INTERNACIONALES APOYADOS POR GOBIERNOS Y ORGANIZACIONES POL\u00cdTICAS<\/span><\/div><div class=\"gsap-marquee__group\" data-marquee-base=\"0\" aria-hidden=\"true\"><span class=\"gsap-marquee__text\">ACONTECIMIENTOS DEPORTIVOS INTERNACIONALES APOYADOS POR GOBIERNOS Y ORGANIZACIONES POL\u00cdTICAS<\/span><\/div><\/div><\/div><\/div><\/div>\n<\/div>\n\n\n\n<div style=\"height:70px\" aria-hidden=\"true\" class=\"wp-block-spacer\"><\/div>\n\n\n\n<div class=\"wp-block-uagb-container uagb-block-aad822b7 alignfull uagb-is-root-container\"><div class=\"uagb-container-inner-blocks-wrap\">\n<div class=\"wp-block-uagb-container uagb-block-2d7e39f1\">\n<h2 class=\"wp-block-heading\" style=\"font-size:2em\">Corporate Sport Organisation (CSO) est\u00e1 especializada en el dise\u00f1o y la producci\u00f3n de acontecimientos deportivos internacionales.<\/h2>\n\n\n\n<h4 class=\"wp-block-heading\">Fue fundada en 1982 por Pierre LUSINCHI y Vincent PINATEL, abogado del Colegio de Marsella. CSO dise\u00f1a, comercializa y organiza sus propios eventos deportivos para el p\u00fablico profesional.<\/h4>\n<\/div>\n\n\n\n<div class=\"wp-block-uagb-container uagb-block-902ea9cf\">\n<div class=\"wp-block-gsap-anim-circular-text gsap-circular-text-block is-position-center\"><div class=\"gsap-circular-text is-position-center\" style=\"--gsap-circle-size:160px;--gsap-circle-offset:0%;--gsap-circle-font-weight:600;--gsap-circle-letter-spacing:2px;--gsap-circle-text-transform:uppercase;--gsap-circle-text-size:8px;--gsap-circle-icon-scale:0.6;--gsap-circle-text-color:#000000;width:160px;height:160px\" data-rotation-mode=\"continuous\" data-rotation-speed=\"25\"><div class=\"gsap-circular-text__inner\"><svg class=\"gsap-circular-text__svg\" viewbox=\"0 0 100 100\" xmlns=\"http:\/\/www.w3.org\/2000\/svg\" role=\"img\" aria-hidden=\"true\"><defs><path id=\"gsap-circle-f64f335c-7940-4c85-abdf-74ed7683f049\" d=\"M50,50 m-45,0 a45,45 0 1,1 90,0 a45,45 0 1,1 -90,0\"><\/path><\/defs><text><textpath href=\"#gsap-circle-f64f335c-7940-4c85-abdf-74ed7683f049\" startoffset=\"0%\">ORGANIZACI\u00d3N DEL DEPORTE DE EMPRESA - ORGANIZACI\u00d3N DEL DEPORTE DE EMPRESA - ORGANIZACI\u00d3N DEL DEPORTE DE EMPRESA<\/textpath><\/text><\/svg><div class=\"gsap-circular-text__icon\"><img decoding=\"async\" src=\"https:\/\/cso-events.fr\/wp-content\/uploads\/2026\/01\/CSO.svg\" alt=\"Eventos de la OSC\"\/><\/div><\/div><\/div><\/div>\n<\/div>\n<\/div><\/div>\n\n\n\n<div class=\"wp-block-uagb-container uagb-block-b9d7bad9 alignfull uagb-is-root-container\"><div class=\"uagb-container-inner-blocks-wrap\">\n<div class=\"wp-block-uagb-container uagb-block-895d5867\">\n<p>Creada en 1983, lanz\u00f3 su primer proyecto: el <strong><a href=\"https:\/\/cso-events.fr\/es\/mundiavocat\/\" data-type=\"page\" data-id=\"77\">Mundiavocat<\/a><\/strong>, La Copa del Mundo para abogados y profesionales del Derecho.<br>Hoy en d\u00eda, este acontecimiento se ha consolidado como la mayor competici\u00f3n deportiva del mundo dedicada a este sector.<br>Siguiendo su estela, se han desarrollado otros cinco torneos continentales:<\/p>\n\n\n\n<div class=\"wp-block-uagb-icon-list uagb-block-1f83388f uag-hide-desktop uag-hide-tab uag-hide-mob\"><div class=\"uagb-icon-list__wrap\">\n<div class=\"wp-block-uagb-icon-list-child uagb-block-06528eed\"><span class=\"uagb-icon-list__source-wrap\"><svg xmlns=\"https:\/\/www.w3.org\/2000\/svg\" viewbox=\"0 0 320 512\"><path d=\"M96 480c-8.188 0-16.38-3.125-22.62-9.375c-12.5-12.5-12.5-32.75 0-45.25L242.8 256L73.38 86.63c-12.5-12.5-12.5-32.75 0-45.25s32.75-12.5 45.25 0l192 192c12.5 12.5 12.5 32.75 0 45.25l-192 192C112.4 476.9 104.2 480 96 480z\"><\/path><\/svg><\/span><span class=\"uagb-icon-list__label\">AsiaLawyers, Copa de F\u00fatbol de Abogados Asi\u00e1ticos<\/span><\/div>\n\n\n\n<div class=\"wp-block-uagb-icon-list-child uagb-block-38bd257a\"><span class=\"uagb-icon-list__source-wrap\"><svg xmlns=\"https:\/\/www.w3.org\/2000\/svg\" viewbox=\"0 0 320 512\"><path d=\"M96 480c-8.188 0-16.38-3.125-22.62-9.375c-12.5-12.5-12.5-32.75 0-45.25L242.8 256L73.38 86.63c-12.5-12.5-12.5-32.75 0-45.25s32.75-12.5 45.25 0l192 192c12.5 12.5 12.5 32.75 0 45.25l-192 192C112.4 476.9 104.2 480 96 480z\"><\/path><\/svg><\/span><span class=\"uagb-icon-list__label\">Copa Am\u00e9rica de F\u00fatbol de Abogados<\/span><\/div>\n\n\n\n<div class=\"wp-block-uagb-icon-list-child uagb-block-bce0c49a\"><span class=\"uagb-icon-list__source-wrap\"><svg xmlns=\"https:\/\/www.w3.org\/2000\/svg\" viewbox=\"0 0 320 512\"><path d=\"M96 480c-8.188 0-16.38-3.125-22.62-9.375c-12.5-12.5-12.5-32.75 0-45.25L242.8 256L73.38 86.63c-12.5-12.5-12.5-32.75 0-45.25s32.75-12.5 45.25 0l192 192c12.5 12.5 12.5 32.75 0 45.25l-192 192C112.4 476.9 104.2 480 96 480z\"><\/path><\/svg><\/span><span class=\"uagb-icon-list__label\">EuroLawyers, Copa de Europa de F\u00fatbol para Abogados<\/span><\/div>\n\n\n\n<div class=\"wp-block-uagb-icon-list-child uagb-block-ff8a692b\"><span class=\"uagb-icon-list__source-wrap\"><svg xmlns=\"https:\/\/www.w3.org\/2000\/svg\" viewbox=\"0 0 320 512\"><path d=\"M96 480c-8.188 0-16.38-3.125-22.62-9.375c-12.5-12.5-12.5-32.75 0-45.25L242.8 256L73.38 86.63c-12.5-12.5-12.5-32.75 0-45.25s32.75-12.5 45.25 0l192 192c12.5 12.5 12.5 32.75 0 45.25l-192 192C112.4 476.9 104.2 480 96 480z\"><\/path><\/svg><\/span><span class=\"uagb-icon-list__label\">AfricaLawyers, Copa de \u00c1frica de F\u00fatbol para Abogados<\/span><\/div>\n\n\n\n<div class=\"wp-block-uagb-icon-list-child uagb-block-09f6f128\"><span class=\"uagb-icon-list__source-wrap\"><svg xmlns=\"https:\/\/www.w3.org\/2000\/svg\" viewbox=\"0 0 320 512\"><path d=\"M96 480c-8.188 0-16.38-3.125-22.62-9.375c-12.5-12.5-12.5-32.75 0-45.25L242.8 256L73.38 86.63c-12.5-12.5-12.5-32.75 0-45.25s32.75-12.5 45.25 0l192 192c12.5 12.5 12.5 32.75 0 45.25l-192 192C112.4 476.9 104.2 480 96 480z\"><\/path><\/svg><\/span><span class=\"uagb-icon-list__label\">La Copa de Naciones, torneo internacional de f\u00fatbol<br><\/span><\/div>\n\n\n\n<div class=\"wp-block-uagb-icon-list-child uagb-block-a271fa09\"><span class=\"uagb-icon-list__source-wrap\"><svg xmlns=\"https:\/\/www.w3.org\/2000\/svg\" viewbox=\"0 0 320 512\"><path d=\"M96 480c-8.188 0-16.38-3.125-22.62-9.375c-12.5-12.5-12.5-32.75 0-45.25L242.8 256L73.38 86.63c-12.5-12.5-12.5-32.75 0-45.25s32.75-12.5 45.25 0l192 192c12.5 12.5 12.5 32.75 0 45.25l-192 192C112.4 476.9 104.2 480 96 480z\"><\/path><\/svg><\/span><span class=\"uagb-icon-list__label\">abogados, notarios y magistrados<\/span><\/div>\n<\/div><\/div>\n\n\n\n<div class=\"wp-block-uagb-container uagb-layout-grid uagb-block-2700415e\">\n<div class=\"wp-block-uagb-container uagb-layout-grid uagb-block-d3a5eaab\">\n<figure class=\"wp-block-image aligncenter size-medium is-resized\" style=\"margin-bottom:var(--wp--preset--spacing--30)\"><img loading=\"lazy\" decoding=\"async\" width=\"297\" height=\"300\" src=\"https:\/\/cso-events.fr\/wp-content\/uploads\/2026\/01\/asialawyers-297x300.png\" alt=\"asialawyers\" class=\"wp-image-2104\" style=\"width:auto;height:80px\" srcset=\"https:\/\/cso-events.fr\/wp-content\/uploads\/2026\/01\/asialawyers-297x300.png 297w, https:\/\/cso-events.fr\/wp-content\/uploads\/2026\/01\/asialawyers.png 445w\" sizes=\"auto, (max-width: 297px) 100vw, 297px\" \/><\/figure>\n\n\n\n<figure class=\"wp-block-image aligncenter size-medium is-resized\"><img loading=\"lazy\" decoding=\"async\" width=\"300\" height=\"287\" src=\"https:\/\/cso-events.fr\/wp-content\/uploads\/2026\/01\/eurolawyers-300x287.png\" alt=\"euroabogados\" class=\"wp-image-2105\" style=\"width:auto;height:80px\" srcset=\"https:\/\/cso-events.fr\/wp-content\/uploads\/2026\/01\/eurolawyers-300x287.png 300w, https:\/\/cso-events.fr\/wp-content\/uploads\/2026\/01\/eurolawyers.png 471w\" sizes=\"auto, (max-width: 300px) 100vw, 300px\" \/><\/figure>\n<\/div>\n\n\n\n<div class=\"wp-block-uagb-container uagb-block-6b8aba7c\">\n<figure class=\"wp-block-image aligncenter size-full is-resized\" style=\"margin-bottom:var(--wp--preset--spacing--30)\"><img loading=\"lazy\" decoding=\"async\" width=\"514\" height=\"450\" src=\"https:\/\/cso-events.fr\/wp-content\/uploads\/2026\/01\/mundiavocat.png\" alt=\"mundiavocat\" class=\"wp-image-2106\" style=\"width:165px\" srcset=\"https:\/\/cso-events.fr\/wp-content\/uploads\/2026\/01\/mundiavocat.png 514w, https:\/\/cso-events.fr\/wp-content\/uploads\/2026\/01\/mundiavocat-300x263.png 300w\" sizes=\"auto, (max-width: 514px) 100vw, 514px\" \/><\/figure>\n\n\n\n<figure class=\"wp-block-image aligncenter size-full is-resized\"><img loading=\"lazy\" decoding=\"async\" width=\"600\" height=\"525\" src=\"https:\/\/cso-events.fr\/wp-content\/uploads\/2026\/01\/nations-cup.png\" alt=\"copa de naciones\" class=\"wp-image-2107\" style=\"width:auto;height:80px\" srcset=\"https:\/\/cso-events.fr\/wp-content\/uploads\/2026\/01\/nations-cup.png 600w, https:\/\/cso-events.fr\/wp-content\/uploads\/2026\/01\/nations-cup-300x263.png 300w\" sizes=\"auto, (max-width: 600px) 100vw, 600px\" \/><\/figure>\n<\/div>\n\n\n\n<div class=\"wp-block-uagb-container uagb-layout-grid uagb-block-3a13e632\">\n<figure class=\"wp-block-image aligncenter size-medium is-resized\" style=\"margin-bottom:var(--wp--preset--spacing--30)\"><img loading=\"lazy\" decoding=\"async\" width=\"300\" height=\"220\" src=\"https:\/\/cso-events.fr\/wp-content\/uploads\/2026\/01\/americalawyers-300x220.png\" alt=\"americalawyers\" class=\"wp-image-2103\" style=\"width:auto;height:80px\" srcset=\"https:\/\/cso-events.fr\/wp-content\/uploads\/2026\/01\/americalawyers-300x220.png 300w, https:\/\/cso-events.fr\/wp-content\/uploads\/2026\/01\/americalawyers.png 614w\" sizes=\"auto, (max-width: 300px) 100vw, 300px\" \/><\/figure>\n\n\n\n<figure class=\"wp-block-image aligncenter size-full is-resized\"><img loading=\"lazy\" decoding=\"async\" width=\"544\" height=\"450\" src=\"https:\/\/cso-events.fr\/wp-content\/uploads\/2026\/01\/africalawyers.png\" alt=\"africalawyers\" class=\"wp-image-2102\" style=\"width:auto;height:80px\" srcset=\"https:\/\/cso-events.fr\/wp-content\/uploads\/2026\/01\/africalawyers.png 544w, https:\/\/cso-events.fr\/wp-content\/uploads\/2026\/01\/africalawyers-300x248.png 300w\" sizes=\"auto, (max-width: 544px) 100vw, 544px\" \/><\/figure>\n<\/div>\n<\/div>\n<\/div>\n\n\n\n<div class=\"wp-block-uagb-container uagb-block-b97e1b8b\">\n<p>En 1995, CSO adquiri\u00f3 a Quotidien du M\u00e9decin los Jeux Mondiaux de la M\u00e9decine et de la Sant\u00e9, conocidos como los Juegos Mundiales de la Medicina y la Salud. <strong><a href=\"https:\/\/cso-events.fr\/es\/medigames\/\" data-type=\"page\" data-id=\"107\">Medigames<\/a><\/strong>.<br>Creados en 1978, los MEDIGAMES se dirigen a todos los profesionales de la salud. Inspirados en el modelo de los Juegos Ol\u00edmpicos, re\u00fanen a participantes de todo el mundo en competiciones deportivas e intercambios profesionales.<\/p>\n\n\n\n<div style=\"height:40px\" aria-hidden=\"true\" class=\"wp-block-spacer\"><\/div>\n\n\n\n<figure class=\"wp-block-image aligncenter size-full is-resized\"><img loading=\"lazy\" decoding=\"async\" width=\"599\" height=\"466\" src=\"https:\/\/cso-events.fr\/wp-content\/uploads\/2026\/01\/LogoMediGenerik.jpg\" alt=\"Medigames\" class=\"wp-image-1962\" style=\"width:auto;height:140px\" srcset=\"https:\/\/cso-events.fr\/wp-content\/uploads\/2026\/01\/LogoMediGenerik.jpg 599w, https:\/\/cso-events.fr\/wp-content\/uploads\/2026\/01\/LogoMediGenerik-300x233.jpg 300w\" sizes=\"auto, (max-width: 599px) 100vw, 599px\" \/><\/figure>\n<\/div>\n<\/div><\/div>\n\n\n\n<div style=\"height:60px\" aria-hidden=\"true\" class=\"wp-block-spacer\"><\/div>\n\n\n\n<div class=\"wp-block-uagb-container uagb-block-31f13b83 alignfull uagb-is-root-container\">\t\t\t\t\t<div\n\t\t\t\t\t\tclass=\"wp-block-uagb-image-gallery uagb-block-55cf63c9\"\n\t\t\t\t\t\tstyle=\"\"\n\t\t\t\t\t>\n\t\t\t\t\t\t\t\t\t\t\t<div class=\"spectra-image-gallery spectra-image-gallery__layout--tiled spectra-image-gallery__layout--tiled-col-4 spectra-image-gallery__layout--tiled-col-tab-3 spectra-image-gallery__layout--tiled-col-mob-2\">\n\t\t\t\t\t\t\t\t\t\t\t<div class='spectra-image-gallery__media-wrapper' data-spectra-gallery-image-id='1924' tabindex=\"0\">\n\t\t\t\t\t\t\t<div class=\"spectra-image-gallery__media spectra-image-gallery__media--tiled\">\n\t\t\t\t<picture>\n\t\t\t\t\t<source media=\"(min-width: 1024px)\" srcset=\"https:\/\/cso-events.fr\/wp-content\/uploads\/2026\/01\/Capture-decran-2026-01-08-a-11.08.33.jpeg\">\n\t\t\t\t\t<source media=\"(min-width: 768px)\" srcset=\"https:\/\/cso-events.fr\/wp-content\/uploads\/2026\/01\/Capture-decran-2026-01-08-a-11.08.33.jpeg\">\n\t\t\t\t\t<img decoding=\"async\" class=\"spectra-image-gallery__media-thumbnail spectra-image-gallery__media-thumbnail--tiled\" src=\"https:\/\/cso-events.fr\/wp-content\/uploads\/2026\/01\/Capture-decran-2026-01-08-a-11.08.33-300x300.jpeg\" alt=\"\" loading=\"lazy\" \/>\n\t\t\t\t<\/picture>\n\t\t\t\t<div class=\"spectra-image-gallery__media-thumbnail-blurrer\"><\/div>\n\t\t\t\t\t\t\t\t\t\t\t<div class=\"spectra-image-gallery__media-thumbnail-caption-wrapper spectra-image-gallery__media-thumbnail-caption-wrapper--overlay\"><\/div>\n\t\t\t\t\t\t\t\t<\/div>\n\t\t\t\t\t\t<\/div>\n\t\t\t\t\t\t<div class='spectra-image-gallery__media-wrapper' data-spectra-gallery-image-id='1925' tabindex=\"0\">\n\t\t\t\t\t\t\t<div class=\"spectra-image-gallery__media spectra-image-gallery__media--tiled\">\n\t\t\t\t<picture>\n\t\t\t\t\t<source media=\"(min-width: 1024px)\" srcset=\"https:\/\/cso-events.fr\/wp-content\/uploads\/2026\/01\/Capture-decran-2026-01-08-a-11.08.45-1024x655.jpeg\">\n\t\t\t\t\t<source media=\"(min-width: 768px)\" srcset=\"https:\/\/cso-events.fr\/wp-content\/uploads\/2026\/01\/Capture-decran-2026-01-08-a-11.08.45-1024x655.jpeg\">\n\t\t\t\t\t<img decoding=\"async\" class=\"spectra-image-gallery__media-thumbnail spectra-image-gallery__media-thumbnail--tiled\" src=\"https:\/\/cso-events.fr\/wp-content\/uploads\/2026\/01\/Capture-decran-2026-01-08-a-11.08.45-300x192.jpeg\" alt=\"\" loading=\"lazy\" \/>\n\t\t\t\t<\/picture>\n\t\t\t\t<div class=\"spectra-image-gallery__media-thumbnail-blurrer\"><\/div>\n\t\t\t\t\t\t\t\t\t\t\t<div class=\"spectra-image-gallery__media-thumbnail-caption-wrapper spectra-image-gallery__media-thumbnail-caption-wrapper--overlay\"><\/div>\n\t\t\t\t\t\t\t\t<\/div>\n\t\t\t\t\t\t<\/div>\n\t\t\t\t\t\t<div class='spectra-image-gallery__media-wrapper' data-spectra-gallery-image-id='2507' tabindex=\"0\">\n\t\t\t\t\t\t\t<div class=\"spectra-image-gallery__media spectra-image-gallery__media--tiled\">\n\t\t\t\t<picture>\n\t\t\t\t\t<source media=\"(min-width: 1024px)\" srcset=\"https:\/\/cso-events.fr\/wp-content\/uploads\/2026\/01\/photo5-1024x768.jpg\">\n\t\t\t\t\t<source media=\"(min-width: 768px)\" srcset=\"https:\/\/cso-events.fr\/wp-content\/uploads\/2026\/01\/photo5-1024x768.jpg\">\n\t\t\t\t\t<img decoding=\"async\" class=\"spectra-image-gallery__media-thumbnail spectra-image-gallery__media-thumbnail--tiled\" src=\"https:\/\/cso-events.fr\/wp-content\/uploads\/2026\/01\/photo5-300x225.jpg\" alt=\"F\u00fatbol\" loading=\"lazy\" \/>\n\t\t\t\t<\/picture>\n\t\t\t\t<div class=\"spectra-image-gallery__media-thumbnail-blurrer\"><\/div>\n\t\t\t\t\t\t\t\t\t\t\t<div class=\"spectra-image-gallery__media-thumbnail-caption-wrapper spectra-image-gallery__media-thumbnail-caption-wrapper--overlay\"><\/div>\n\t\t\t\t\t\t\t\t<\/div>\n\t\t\t\t\t\t<\/div>\n\t\t\t\t\t\t<div class='spectra-image-gallery__media-wrapper' data-spectra-gallery-image-id='1927' tabindex=\"0\">\n\t\t\t\t\t\t\t<div class=\"spectra-image-gallery__media spectra-image-gallery__media--tiled\">\n\t\t\t\t<picture>\n\t\t\t\t\t<source media=\"(min-width: 1024px)\" srcset=\"https:\/\/cso-events.fr\/wp-content\/uploads\/2026\/01\/Capture-decran-2026-01-08-a-11.09.02-1024x503.jpeg\">\n\t\t\t\t\t<source media=\"(min-width: 768px)\" srcset=\"https:\/\/cso-events.fr\/wp-content\/uploads\/2026\/01\/Capture-decran-2026-01-08-a-11.09.02-1024x503.jpeg\">\n\t\t\t\t\t<img decoding=\"async\" class=\"spectra-image-gallery__media-thumbnail spectra-image-gallery__media-thumbnail--tiled\" src=\"https:\/\/cso-events.fr\/wp-content\/uploads\/2026\/01\/Capture-decran-2026-01-08-a-11.09.02-300x147.jpeg\" alt=\"\" loading=\"lazy\" \/>\n\t\t\t\t<\/picture>\n\t\t\t\t<div class=\"spectra-image-gallery__media-thumbnail-blurrer\"><\/div>\n\t\t\t\t\t\t\t\t\t\t\t<div class=\"spectra-image-gallery__media-thumbnail-caption-wrapper spectra-image-gallery__media-thumbnail-caption-wrapper--overlay\"><\/div>\n\t\t\t\t\t\t\t\t<\/div>\n\t\t\t\t\t\t<\/div>\n\t\t\t\t\t\t<div class='spectra-image-gallery__media-wrapper' data-spectra-gallery-image-id='2504' tabindex=\"0\">\n\t\t\t\t\t\t\t<div class=\"spectra-image-gallery__media spectra-image-gallery__media--tiled\">\n\t\t\t\t<picture>\n\t\t\t\t\t<source media=\"(min-width: 1024px)\" srcset=\"https:\/\/cso-events.fr\/wp-content\/uploads\/2026\/01\/photo2-1024x768.jpg\">\n\t\t\t\t\t<source media=\"(min-width: 768px)\" srcset=\"https:\/\/cso-events.fr\/wp-content\/uploads\/2026\/01\/photo2-1024x768.jpg\">\n\t\t\t\t\t<img decoding=\"async\" class=\"spectra-image-gallery__media-thumbnail spectra-image-gallery__media-thumbnail--tiled\" src=\"https:\/\/cso-events.fr\/wp-content\/uploads\/2026\/01\/photo2-300x225.jpg\" alt=\"\" loading=\"lazy\" \/>\n\t\t\t\t<\/picture>\n\t\t\t\t<div class=\"spectra-image-gallery__media-thumbnail-blurrer\"><\/div>\n\t\t\t\t\t\t\t\t\t\t\t<div class=\"spectra-image-gallery__media-thumbnail-caption-wrapper spectra-image-gallery__media-thumbnail-caption-wrapper--overlay\"><\/div>\n\t\t\t\t\t\t\t\t<\/div>\n\t\t\t\t\t\t<\/div>\n\t\t\t\t\t\t<div class='spectra-image-gallery__media-wrapper' data-spectra-gallery-image-id='1928' tabindex=\"0\">\n\t\t\t\t\t\t\t<div class=\"spectra-image-gallery__media spectra-image-gallery__media--tiled\">\n\t\t\t\t<picture>\n\t\t\t\t\t<source media=\"(min-width: 1024px)\" srcset=\"https:\/\/cso-events.fr\/wp-content\/uploads\/2026\/01\/Capture-decran-2026-01-08-a-11.09.09.jpeg\">\n\t\t\t\t\t<source media=\"(min-width: 768px)\" srcset=\"https:\/\/cso-events.fr\/wp-content\/uploads\/2026\/01\/Capture-decran-2026-01-08-a-11.09.09.jpeg\">\n\t\t\t\t\t<img decoding=\"async\" class=\"spectra-image-gallery__media-thumbnail spectra-image-gallery__media-thumbnail--tiled\" src=\"https:\/\/cso-events.fr\/wp-content\/uploads\/2026\/01\/Capture-decran-2026-01-08-a-11.09.09-300x287.jpeg\" alt=\"\" loading=\"lazy\" \/>\n\t\t\t\t<\/picture>\n\t\t\t\t<div class=\"spectra-image-gallery__media-thumbnail-blurrer\"><\/div>\n\t\t\t\t\t\t\t\t\t\t\t<div class=\"spectra-image-gallery__media-thumbnail-caption-wrapper spectra-image-gallery__media-thumbnail-caption-wrapper--overlay\"><\/div>\n\t\t\t\t\t\t\t\t<\/div>\n\t\t\t\t\t\t<\/div>\n\t\t\t\t\t\t\t\t\t\t\t<div class=\"spectra-image-gallery__media-sizer\"><\/div>\n\t\t\t\t\t\t\t<\/div>\n\t\t\t\t\t\t\t\t\t\t\t<\/div>\n\t\t\t\t\t\t\t\t\t<\/div>","protected":false},"excerpt":{"rendered":"<p>CSO EVENTS International Sports Events Corporate Sport Organisation (CSO) est une soci\u00e9t\u00e9 sp\u00e9cialis\u00e9e dans la conception et la production d\u2019\u00e9v\u00e9nements sportifs internationaux. Elle a \u00e9t\u00e9 fond\u00e9e en 1982 par Pierre LUSINCHI et Me Vincent PINATEL, avocat au Barreau de Marseille. CSO con\u00e7oit, commercialise et organise ses propres manifestations sportives \u00e0 destination de publics professionnels. Cr\u00e9\u00e9e [&hellip;]<\/p>\n","protected":false},"author":1,"featured_media":0,"parent":0,"menu_order":0,"comment_status":"closed","ping_status":"closed","template":"","meta":{"_uag_custom_page_level_css":"","site-sidebar-layout":"default","site-content-layout":"","ast-site-content-layout":"default","site-content-style":"default","site-sidebar-style":"default","ast-global-header-display":"","ast-banner-title-visibility":"","ast-main-header-display":"","ast-hfb-above-header-display":"","ast-hfb-below-header-display":"","ast-hfb-mobile-header-display":"","site-post-title":"","ast-breadcrumbs-content":"","ast-featured-img":"","footer-sml-layout":"","ast-disable-related-posts":"","theme-transparent-header-meta":"","adv-header-id-meta":"","stick-header-meta":"","header-above-stick-meta":"","header-main-stick-meta":"","header-below-stick-meta":"","astra-migrate-meta-layouts":"set","ast-page-background-enabled":"default","ast-page-background-meta":{"desktop":{"background-color":"var(--ast-global-color-4)","background-image":"","background-repeat":"repeat","background-position":"center center","background-size":"auto","background-attachment":"scroll","background-type":"","background-media":"","overlay-type":"","overlay-color":"","overlay-opacity":"","overlay-gradient":""},"tablet":{"background-color":"","background-image":"","background-repeat":"repeat","background-position":"center center","background-size":"auto","background-attachment":"scroll","background-type":"","background-media":"","overlay-type":"","overlay-color":"","overlay-opacity":"","overlay-gradient":""},"mobile":{"background-color":"","background-image":"","background-repeat":"repeat","background-position":"center center","background-size":"auto","background-attachment":"scroll","background-type":"","background-media":"","overlay-type":"","overlay-color":"","overlay-opacity":"","overlay-gradient":""}},"ast-content-background-meta":{"desktop":{"background-color":"var(--ast-global-color-5)","background-image":"","background-repeat":"repeat","background-position":"center center","background-size":"auto","background-attachment":"scroll","background-type":"","background-media":"","overlay-type":"","overlay-color":"","overlay-opacity":"","overlay-gradient":""},"tablet":{"background-color":"var(--ast-global-color-5)","background-image":"","background-repeat":"repeat","background-position":"center center","background-size":"auto","background-attachment":"scroll","background-type":"","background-media":"","overlay-type":"","overlay-color":"","overlay-opacity":"","overlay-gradient":""},"mobile":{"background-color":"var(--ast-global-color-5)","background-image":"","background-repeat":"repeat","background-position":"center center","background-size":"auto","background-attachment":"scroll","background-type":"","background-media":"","overlay-type":"","overlay-color":"","overlay-opacity":"","overlay-gradient":""}},"gsap_anim_timeline":[],"footnotes":""},"class_list":["post-2002","page","type-page","status-publish","hentry"],"uagb_featured_image_src":{"full":false,"thumbnail":false,"medium":false,"medium_large":false,"large":false,"1536x1536":false,"2048x2048":false,"trp-custom-language-flag":false},"uagb_author_info":{"display_name":"dfuzionadmin","author_link":"https:\/\/cso-events.fr\/es\/author\/dfuzionadmin\/"},"uagb_comment_info":0,"uagb_excerpt":"CSO EVENTS International Sports Events Corporate Sport Organisation (CSO) est une soci\u00e9t\u00e9 sp\u00e9cialis\u00e9e dans la conception et la production d\u2019\u00e9v\u00e9nements sportifs internationaux. Elle a \u00e9t\u00e9 fond\u00e9e en 1982 par Pierre LUSINCHI et Me Vincent PINATEL, avocat au Barreau de Marseille. CSO con\u00e7oit, commercialise et organise ses propres manifestations sportives \u00e0 destination de publics professionnels. Cr\u00e9\u00e9e&hellip;","_links":{"self":[{"href":"https:\/\/cso-events.fr\/es\/wp-json\/wp\/v2\/pages\/2002","targetHints":{"allow":["GET"]}}],"collection":[{"href":"https:\/\/cso-events.fr\/es\/wp-json\/wp\/v2\/pages"}],"about":[{"href":"https:\/\/cso-events.fr\/es\/wp-json\/wp\/v2\/types\/page"}],"author":[{"embeddable":true,"href":"https:\/\/cso-events.fr\/es\/wp-json\/wp\/v2\/users\/1"}],"replies":[{"embeddable":true,"href":"https:\/\/cso-events.fr\/es\/wp-json\/wp\/v2\/comments?post=2002"}],"version-history":[{"count":103,"href":"https:\/\/cso-events.fr\/es\/wp-json\/wp\/v2\/pages\/2002\/revisions"}],"predecessor-version":[{"id":2696,"href":"https:\/\/cso-events.fr\/es\/wp-json\/wp\/v2\/pages\/2002\/revisions\/2696"}],"wp:attachment":[{"href":"https:\/\/cso-events.fr\/es\/wp-json\/wp\/v2\/media?parent=2002"}],"curies":[{"name":"wp","href":"https:\/\/api.w.org\/{rel}","templated":true}]}}